{"id":31894,"date":"2017-09-27T10:48:24","date_gmt":"2017-09-27T17:48:24","guid":{"rendered":"https:\/\/www.missionhospice.org\/voluntario\/embajadores-comunitarios\/"},"modified":"2017-09-27T10:48:24","modified_gmt":"2017-09-27T17:48:24","slug":"embajadores-comunitarios","status":"publish","type":"page","link":"https:\/\/www.missionhospice.org\/es\/voluntario\/embajadores-comunitarios\/","title":{"rendered":"Embajadores comunitarios"},"content":{"rendered":"<p><img decoding=\"async\" class=\"alignleft wp-image-7795\" src=\"https:\/\/www.missionhospice.org\/wp-content\/uploads\/\/original-300x178.png\" alt=\"\" width=\"450\" height=\"266\" srcset=\"https:\/\/www.missionhospice.org\/wp-content\/uploads\/original-300x178.png 300w, https:\/\/www.missionhospice.org\/wp-content\/uploads\/original-150x89.png 150w, https:\/\/www.missionhospice.org\/wp-content\/uploads\/original-768x455.png 768w, https:\/\/www.missionhospice.org\/wp-content\/uploads\/original.png 882w\" sizes=\"(max-width: 450px) 100vw, 450px\" \/>\u00bfLe apasiona la educaci\u00f3n y tiene experiencia personal o profesional en cuestiones relacionadas con el final de la vida? \u00a1Convi\u00e9rtete en Embajador de la Comunidad con Mission Hospice &amp; Home Care!<\/p>\n<p>Ayudar\u00e1 a otros a informarse sobre cuestiones relacionadas con el final de la vida y les capacitar\u00e1 para hacerse cargo de los cuidados -para s\u00ed mismos y para sus seres queridos- mucho antes de que se necesiten los cuidados paliativos. Los embajadores comunitarios apoyan actos, presentaciones y talleres en toda la pen\u00ednsula de San Francisco y el sur de la bah\u00eda.<\/p>\n<p>Te ense\u00f1aremos sobre los programas y servicios de Mission Hospice &amp; Home Care, c\u00f3mo utilizar tu pasi\u00f3n para apoyar la concienciaci\u00f3n de la comunidad sobre los problemas del final de la vida, y te ayudaremos a crear los siguientes pasos para tu camino como voluntario. Para m\u00e1s informaci\u00f3n, p\u00f3ngase en contacto con el equipo de Educaci\u00f3n Comunitaria llamando al 650.554.1000 o por <a href=\"mailto:communityeducation@missionhospice.org\">correo electr\u00f3nico<\/a>. Si est\u00e1 preparado para dar el siguiente paso, rellene nuestra <a href=\"https:\/\/www.missionhospice.org\/es\/voluntario\/solicitud-de-voluntariado\/\">Solicitud de Voluntariado<\/a>.<\/p>\n<p style=\"text-align: right;\"><a href=\"https:\/\/www.missionhospice.org\/volunteer\/community-ambassador-resources\/\">Recursos para embajadores<\/a> comunitarios (inicio de sesi\u00f3n obligatorio)<\/p>\n","protected":false},"excerpt":{"rendered":"<p>\u00bfLe apasiona la educaci\u00f3n y tiene experiencia personal o profesional en cuestiones relacionadas con el final de la vida? \u00a1Convi\u00e9rtete en Embajador de la Comunidad con Mission Hospice &amp; Home [&hellip;]<\/p>\n","protected":false},"author":18,"featured_media":0,"parent":31866,"menu_order":4,"comment_status":"closed","ping_status":"closed","template":"","meta":{"_acf_changed":false,"_monsterinsights_skip_tracking":false,"_monsterinsights_sitenote_active":false,"_monsterinsights_sitenote_note":"","_monsterinsights_sitenote_category":0,"ngg_post_thumbnail":0,"_price":"","_stock":"","_tribe_ticket_header":"","_tribe_default_ticket_provider":"","_tribe_ticket_capacity":"0","_ticket_start_date":"","_ticket_end_date":"","_tribe_ticket_show_description":"","_tribe_ticket_show_not_going":false,"_tribe_ticket_use_global_stock":"","_tribe_ticket_global_stock_level":"","_global_stock_mode":"","_global_stock_cap":"","_tribe_rsvp_for_event":"","_tribe_ticket_going_count":"","_tribe_ticket_not_going_count":"","_tribe_tickets_list":"[]","_tribe_ticket_has_attendee_info_fields":false,"footnotes":"","_tec_slr_enabled":"","_tec_slr_layout":""},"class_list":["post-31894","page","type-page","status-publish","hentry"],"acf":[],"featured_image_src":null,"ticketed":false,"_links":{"self":[{"href":"https:\/\/www.missionhospice.org\/es\/wp-json\/wp\/v2\/pages\/31894","targetHints":{"allow":["GET"]}}],"collection":[{"href":"https:\/\/www.missionhospice.org\/es\/wp-json\/wp\/v2\/pages"}],"about":[{"href":"https:\/\/www.missionhospice.org\/es\/wp-json\/wp\/v2\/types\/page"}],"author":[{"embeddable":true,"href":"https:\/\/www.missionhospice.org\/es\/wp-json\/wp\/v2\/users\/18"}],"replies":[{"embeddable":true,"href":"https:\/\/www.missionhospice.org\/es\/wp-json\/wp\/v2\/comments?post=31894"}],"version-history":[{"count":0,"href":"https:\/\/www.missionhospice.org\/es\/wp-json\/wp\/v2\/pages\/31894\/revisions"}],"up":[{"embeddable":true,"href":"https:\/\/www.missionhospice.org\/es\/wp-json\/wp\/v2\/pages\/31866"}],"wp:attachment":[{"href":"https:\/\/www.missionhospice.org\/es\/wp-json\/wp\/v2\/media?parent=31894"}],"curies":[{"name":"wp","href":"https:\/\/api.w.org\/{rel}","templated":true}]}}