{"id":31884,"date":"2021-03-23T15:05:59","date_gmt":"2021-03-23T22:05:59","guid":{"rendered":"https:\/\/www.missionhospice.org\/educacion-comunitaria\/videos-educativos-para-la-comunidad\/"},"modified":"2021-03-23T15:05:59","modified_gmt":"2021-03-23T22:05:59","slug":"videos-educativos-para-la-comunidad","status":"publish","type":"page","link":"https:\/\/www.missionhospice.org\/es\/eventos-y-noticias\/educacion-comunitaria\/videos-educativos-para-la-comunidad\/","title":{"rendered":"V\u00eddeos educativos para la comunidad"},"content":{"rendered":"<p>Muchos de nuestros eventos gratuitos de educaci\u00f3n comunitaria y duelo han sido grabados &#8211; encontrar\u00e1 algunos de nuestros eventos a continuaci\u00f3n, y puede encontrarlos todos en <a href=\"https:\/\/www.youtube.com\/channel\/UCYVHiBXkIfcEhzIQZxrE9OA\" target=\"_blank\" rel=\"noopener\">nuestro canal de YouTube<\/a>.<\/p>\n","protected":false},"excerpt":{"rendered":"<p>Muchos de nuestros eventos gratuitos de educaci\u00f3n comunitaria y duelo han sido grabados &#8211; encontrar\u00e1 algunos de nuestros eventos a continuaci\u00f3n, y puede encontrarlos todos en nuestro canal de YouTube.<\/p>\n","protected":false},"author":4,"featured_media":0,"parent":31864,"menu_order":0,"comment_status":"closed","ping_status":"closed","template":"page-we-are-mission-hospice.php","meta":{"_acf_changed":false,"_monsterinsights_skip_tracking":false,"_monsterinsights_sitenote_active":false,"_monsterinsights_sitenote_note":"","_monsterinsights_sitenote_category":0,"ngg_post_thumbnail":0,"_price":"","_stock":"","_tribe_ticket_header":"","_tribe_default_ticket_provider":"","_tribe_ticket_capacity":"0","_ticket_start_date":"","_ticket_end_date":"","_tribe_ticket_show_description":"","_tribe_ticket_show_not_going":false,"_tribe_ticket_use_global_stock":"","_tribe_ticket_global_stock_level":"","_global_stock_mode":"","_global_stock_cap":"","_tribe_rsvp_for_event":"","_tribe_ticket_going_count":"","_tribe_ticket_not_going_count":"","_tribe_tickets_list":"[]","_tribe_ticket_has_attendee_info_fields":false,"footnotes":"","_tec_slr_enabled":"","_tec_slr_layout":""},"class_list":["post-31884","page","type-page","status-publish","hentry"],"acf":[],"featured_image_src":null,"ticketed":false,"_links":{"self":[{"href":"https:\/\/www.missionhospice.org\/es\/wp-json\/wp\/v2\/pages\/31884","targetHints":{"allow":["GET"]}}],"collection":[{"href":"https:\/\/www.missionhospice.org\/es\/wp-json\/wp\/v2\/pages"}],"about":[{"href":"https:\/\/www.missionhospice.org\/es\/wp-json\/wp\/v2\/types\/page"}],"author":[{"embeddable":true,"href":"https:\/\/www.missionhospice.org\/es\/wp-json\/wp\/v2\/users\/4"}],"replies":[{"embeddable":true,"href":"https:\/\/www.missionhospice.org\/es\/wp-json\/wp\/v2\/comments?post=31884"}],"version-history":[{"count":0,"href":"https:\/\/www.missionhospice.org\/es\/wp-json\/wp\/v2\/pages\/31884\/revisions"}],"up":[{"embeddable":true,"href":"https:\/\/www.missionhospice.org\/es\/wp-json\/wp\/v2\/pages\/31864"}],"wp:attachment":[{"href":"https:\/\/www.missionhospice.org\/es\/wp-json\/wp\/v2\/media?parent=31884"}],"curies":[{"name":"wp","href":"https:\/\/api.w.org\/{rel}","templated":true}]}}