{"id":31807,"date":"2014-04-09T21:31:25","date_gmt":"2014-04-10T04:31:25","guid":{"rendered":"https:\/\/www.missionhospice.org\/para-pacientes-y-familiares\/recursos-e-informacion\/"},"modified":"2014-04-09T21:31:25","modified_gmt":"2014-04-10T04:31:25","slug":"recursos-e-informacion","status":"publish","type":"page","link":"https:\/\/www.missionhospice.org\/es\/para-pacientes-y-familiares\/recursos-e-informacion\/","title":{"rendered":"Recursos e informaci\u00f3n"},"content":{"rendered":"<h2><strong>Acerca del hospicio<\/strong><\/h2>\n<ul>\n<li>Inicie la conversaci\u00f3n y planifique con antelaci\u00f3n sus futuros cuidados con nuestro <a href=\"http:\/\/www.missionhospice.org\/takecharge\/\">kit de herramientas Take Charge<\/a>.<\/li>\n<li><a href=\"http:\/\/www.missionhospice.org\/hospice\/common-myths-about-hospice-care\/\">Mitos comunes sobre los cuidados paliativos<\/a> &#8211; por Mission Hospice Clinical Outreach Nurses<\/li>\n<li><a href=\"https:\/\/www.nhpco.org\/patients-and-caregivers\/about-hospice-care\/choosing-a-hospice\">C\u00f3mo elegir un centro de cuidados paliativos<\/a> &#8211; de&nbsp;the National Hospice and Palliative Care Organization<\/li>\n<li>La <a title=\"La derivaci\u00f3n precoz a un centro de cuidados paliativos mejora la calidad de vida\" href=\"http:\/\/www.missionhospice.org\/hospice\/early-referral-hospice-means-better-quality-life\/\">derivaci\u00f3n precoz a un centro de cuidados paliativos mejora la calidad de<\/a> vida &#8211; por el Director M\u00e9dico Ken Barnes<\/li>\n<li><a title=\"Comprender la prestaci\u00f3n de cuidados paliativos de Medicare\" href=\"http:\/\/www.missionhospice.org\/hospice\/understanding-medicare-hospice-benefit\/\">Comprender la prestaci\u00f3n de cuidados paliativos de Medicare<\/a>&nbsp;&#8211; por el director m\u00e9dico Ken Barnes<\/li>\n<li><a href=\"https:\/\/www.missionhospice.org\/hospice\/journey-hospice\/\">Mi viaje con&nbsp;hospice<\/a> &#8211; por el voluntario de cuidados directos George Fulvio<\/li>\n<li><a title=\"Comprender la atenci\u00f3n espiritual como parte de los cuidados paliativos\" href=\"http:\/\/www.missionhospice.org\/uncategorized\/understanding-spiritual-care-part-hospice\/\">Comprender la atenci\u00f3n espiritual como parte de los cuidados paliativos<\/a><\/li>\n<\/ul>\n<h2>Apoyo en el duelo<\/h2>\n<ul>\n<li><a title=\"Sugerencias para la curaci\u00f3n\" href=\"http:\/\/www.missionhospice.org\/grief-and-bereavement\/suggestions-healing\/\">Sugerencias para la curaci\u00f3n<\/a><\/li>\n<li><a title=\"Sobre el duelo\" href=\"http:\/\/www.missionhospice.org\/grief-and-bereavement\/grief\/\">Sobre el duelo<\/a><\/li>\n<li><a title=\"Ocho\" href=\"http:\/\/www.missionhospice.org\/grief-and-bereavement\/eight-tips-for-grieving-through-the-holidays\/\">Ocho consejos para superar el duelo durante las fiestas<\/a> &#8211; por la coordinadora de duelo Isabel Stenzel<\/li>\n<\/ul>\n<h2><strong>Apoyo al cuidador<\/strong><\/h2>\n<ul>\n<li><a href=\"http:\/\/careforagingparents.com\/pdfs\/Caregivers_Organizer.pdf\" target=\"_blank\" rel=\"noopener noreferrer\">Organizador de cuidadores<\/a> &#8211;&nbsp;para ayudarle a recopilar informaci\u00f3n importante que le ayude a cuidar de sus padres mayores y de otras personas.<\/li>\n<li><a href=\"http:\/\/www.mayoclinic.org\/grief\/ART-20047491?p=1\" target=\"_blank\" rel=\"noopener noreferrer\">C\u00f3mo ayudar a un ser querido con una enfermedad terminal&nbsp;&#8211;<\/a>&nbsp;de la Cl\u00ednica Mayo<\/li>\n<li><a href=\"http:\/\/www.caregiver.org\">Family Caregiver Alliance<\/a> organiza grupos de apoyo en l\u00ednea y ofrece formaci\u00f3n e informaci\u00f3n a los cuidadores.<\/li>\n<li><a href=\"https:\/\/www.caregiver.va.gov\/help_landing.asp\" target=\"_blank\" rel=\"noopener noreferrer\">L\u00ednea de apoyo a cuidadores<\/a> del Departamento de Asuntos de Veteranos: 855.260.3274<\/li>\n<li><a href=\"https:\/\/eldercare.acl.gov\/\">Eldercare Locator<\/a> ofrece informaci\u00f3n sobre recursos, programas diurnos para adultos, relevo y otros recursos: 800.677.1116<\/li>\n<li><a href=\"https:\/\/www.nhpco.org\/patients-and-caregivers\/resources\/\">CaringInfo Resources<\/a>: informaci\u00f3n sobre voluntades anticipadas, cuidados y atenci\u00f3n al final de la vida de la National Hospice and Palliative Care Organization.<\/li>\n<\/ul>\n","protected":false},"excerpt":{"rendered":"<p>Acerca del hospicio Inicie la conversaci\u00f3n y planifique con antelaci\u00f3n sus futuros cuidados con nuestro kit de herramientas Take Charge. Mitos comunes sobre los cuidados paliativos &#8211; por Mission Hospice [&hellip;]<\/p>\n","protected":false},"author":18,"featured_media":0,"parent":31806,"menu_order":3,"comment_status":"open","ping_status":"open","template":"","meta":{"_acf_changed":false,"_monsterinsights_skip_tracking":false,"_monsterinsights_sitenote_active":false,"_monsterinsights_sitenote_note":"","_monsterinsights_sitenote_category":0,"ngg_post_thumbnail":0,"_price":"","_stock":"","_tribe_ticket_header":"","_tribe_default_ticket_provider":"","_tribe_ticket_capacity":"0","_ticket_start_date":"","_ticket_end_date":"","_tribe_ticket_show_description":"","_tribe_ticket_show_not_going":false,"_tribe_ticket_use_global_stock":"","_tribe_ticket_global_stock_level":"","_global_stock_mode":"","_global_stock_cap":"","_tribe_rsvp_for_event":"","_tribe_ticket_going_count":"","_tribe_ticket_not_going_count":"","_tribe_tickets_list":"[]","_tribe_ticket_has_attendee_info_fields":false,"footnotes":"","_tec_slr_enabled":"","_tec_slr_layout":""},"class_list":["post-31807","page","type-page","status-publish","hentry"],"acf":[],"featured_image_src":null,"ticketed":false,"_links":{"self":[{"href":"https:\/\/www.missionhospice.org\/es\/wp-json\/wp\/v2\/pages\/31807","targetHints":{"allow":["GET"]}}],"collection":[{"href":"https:\/\/www.missionhospice.org\/es\/wp-json\/wp\/v2\/pages"}],"about":[{"href":"https:\/\/www.missionhospice.org\/es\/wp-json\/wp\/v2\/types\/page"}],"author":[{"embeddable":true,"href":"https:\/\/www.missionhospice.org\/es\/wp-json\/wp\/v2\/users\/18"}],"replies":[{"embeddable":true,"href":"https:\/\/www.missionhospice.org\/es\/wp-json\/wp\/v2\/comments?post=31807"}],"version-history":[{"count":0,"href":"https:\/\/www.missionhospice.org\/es\/wp-json\/wp\/v2\/pages\/31807\/revisions"}],"up":[{"embeddable":true,"href":"https:\/\/www.missionhospice.org\/es\/wp-json\/wp\/v2\/pages\/31806"}],"wp:attachment":[{"href":"https:\/\/www.missionhospice.org\/es\/wp-json\/wp\/v2\/media?parent=31807"}],"curies":[{"name":"wp","href":"https:\/\/api.w.org\/{rel}","templated":true}]}}