{"id":31570,"date":"2020-07-20T12:30:02","date_gmt":"2020-07-20T19:30:02","guid":{"rendered":"https:\/\/www.missionhospice.org\/donar-ahora\/gracias-por-su-donacion\/"},"modified":"2023-07-19T14:56:53","modified_gmt":"2023-07-19T21:56:53","slug":"gracias-por-su-donacion","status":"publish","type":"page","link":"https:\/\/www.missionhospice.org\/es\/donar-ahora\/gracias-por-su-donacion\/","title":{"rendered":"Gracias por su donaci\u00f3n."},"content":{"rendered":"<p style=\"background: white;\"><span style=\"font-size: 12.0pt; color: black;\">Su contribuci\u00f3n nos permite ofrecer cuidados profesionales y compasivos al final de la vida a los pacientes y familiares de la pen\u00ednsula de San Francisco y el sur de la bah\u00eda, a trav\u00e9s de&nbsp;.<\/span><\/p>\n<p style=\"background: white;\"><span style=\"font-size: 12.0pt; color: black;\">Desde nuestra fundaci\u00f3n en 1979, Mission Hospice &amp; Home Care ha ayudado a miles de pacientes y familias a vivir la vida al m\u00e1ximo, ofreciendo consuelo a lo largo de todo el proceso, desde el diagn\u00f3stico de riesgo vital hasta la muerte y el duelo. El generoso apoyo de personas como usted nos ayuda a atender a personas independientemente de su seguro o capacidad de pago.<\/span><\/p>\n<p style=\"background: white;\"><span style=\"font-size: 12.0pt; color: black;\">Una vez m\u00e1s, gracias por su amabilidad.<\/span><\/p>\n<p><a href=\"https:\/\/www.missionhospice.org\/wp-content\/uploads\/MH.SocialMediaCoverImage.ItsAboutLife4-scaled.jpg\"><img decoding=\"async\" class=\"wp-image-17237 alignnone\" src=\"https:\/\/www.missionhospice.org\/wp-content\/uploads\/\/MH.SocialMediaCoverImage.ItsAboutLife4-300x112.jpg\" alt=\"Se trata de la vida\" width=\"600\" height=\"224\" srcset=\"https:\/\/www.missionhospice.org\/wp-content\/uploads\/MH.SocialMediaCoverImage.ItsAboutLife4-300x112.jpg 300w, https:\/\/www.missionhospice.org\/wp-content\/uploads\/MH.SocialMediaCoverImage.ItsAboutLife4-1024x382.jpg 1024w, https:\/\/www.missionhospice.org\/wp-content\/uploads\/MH.SocialMediaCoverImage.ItsAboutLife4-150x56.jpg 150w, https:\/\/www.missionhospice.org\/wp-content\/uploads\/MH.SocialMediaCoverImage.ItsAboutLife4-768x286.jpg 768w, https:\/\/www.missionhospice.org\/wp-content\/uploads\/MH.SocialMediaCoverImage.ItsAboutLife4-1536x573.jpg 1536w, https:\/\/www.missionhospice.org\/wp-content\/uploads\/MH.SocialMediaCoverImage.ItsAboutLife4-2048x764.jpg 2048w\" sizes=\"(max-width: 600px) 100vw, 600px\" \/><\/a><\/p>\n<p style=\"background: white;\"><i><span style=\"font-size: 12.0pt; color: black;\">Mission Hospice &amp; Home Care es una organizaci\u00f3n exenta de impuestos 501(c)(3), IRS Secci\u00f3n 170(b)(2)(iii) a efectos de impuestos federales y estatales&nbsp;. Nuestro n\u00famero de identificaci\u00f3n fiscal federal es 94-2567162. Recibir\u00e1 en breve un recibo fiscal por correo electr\u00f3nico.<\/span><\/i><\/p>\n","protected":false},"excerpt":{"rendered":"<p>Su contribuci\u00f3n nos permite ofrecer cuidados profesionales y compasivos al final de la vida a los pacientes y familiares de la pen\u00ednsula de San Francisco y el sur de la [&hellip;]<\/p>\n","protected":false},"author":18,"featured_media":0,"parent":29998,"menu_order":2,"comment_status":"closed","ping_status":"closed","template":"","meta":{"_acf_changed":false,"_monsterinsights_skip_tracking":false,"_monsterinsights_sitenote_active":false,"_monsterinsights_sitenote_note":"","_monsterinsights_sitenote_category":0,"ngg_post_thumbnail":0,"_price":"","_stock":"","_tribe_ticket_header":"","_tribe_default_ticket_provider":"","_tribe_ticket_capacity":"0","_ticket_start_date":"","_ticket_end_date":"","_tribe_ticket_show_description":"","_tribe_ticket_show_not_going":false,"_tribe_ticket_use_global_stock":"","_tribe_ticket_global_stock_level":"","_global_stock_mode":"","_global_stock_cap":"","_tribe_rsvp_for_event":"","_tribe_ticket_going_count":"","_tribe_ticket_not_going_count":"","_tribe_tickets_list":"[]","_tribe_ticket_has_attendee_info_fields":false,"footnotes":"","_tec_slr_enabled":"","_tec_slr_layout":""},"class_list":["post-31570","page","type-page","status-publish","hentry"],"acf":[],"featured_image_src":null,"ticketed":false,"_links":{"self":[{"href":"https:\/\/www.missionhospice.org\/es\/wp-json\/wp\/v2\/pages\/31570","targetHints":{"allow":["GET"]}}],"collection":[{"href":"https:\/\/www.missionhospice.org\/es\/wp-json\/wp\/v2\/pages"}],"about":[{"href":"https:\/\/www.missionhospice.org\/es\/wp-json\/wp\/v2\/types\/page"}],"author":[{"embeddable":true,"href":"https:\/\/www.missionhospice.org\/es\/wp-json\/wp\/v2\/users\/18"}],"replies":[{"embeddable":true,"href":"https:\/\/www.missionhospice.org\/es\/wp-json\/wp\/v2\/comments?post=31570"}],"version-history":[{"count":0,"href":"https:\/\/www.missionhospice.org\/es\/wp-json\/wp\/v2\/pages\/31570\/revisions"}],"up":[{"embeddable":true,"href":"https:\/\/www.missionhospice.org\/es\/wp-json\/wp\/v2\/pages\/29998"}],"wp:attachment":[{"href":"https:\/\/www.missionhospice.org\/es\/wp-json\/wp\/v2\/media?parent=31570"}],"curies":[{"name":"wp","href":"https:\/\/api.w.org\/{rel}","templated":true}]}}