{"id":31563,"date":"2017-03-02T11:54:42","date_gmt":"2017-03-02T19:54:42","guid":{"rendered":"https:\/\/www.missionhospice.org\/kit-de-herramientas-take-charge-2\/"},"modified":"2017-03-02T11:54:42","modified_gmt":"2017-03-02T19:54:42","slug":"kit-de-herramientas-take-charge-2","status":"publish","type":"page","link":"https:\/\/www.missionhospice.org\/es\/toma-las-riendas\/kit-de-herramientas-take-charge-2\/","title":{"rendered":"Kit de herramientas Take Charge"},"content":{"rendered":"<h1><span style=\"color: #009dac;\"><strong>\u00bfY ahora qu\u00e9? Su Directiva Sanitaria Anticipada refleja sus perspectivas, valores y decisiones en este momento. \u00c9stas pueden cambiar con el tiempo.<\/strong><\/span><\/h1>\n<p>Aseg\u00farese de revisar sus documentos al menos una vez al a\u00f1o, cada vez que cambie su estado de salud y despu\u00e9s de cualquier acontecimiento importante en su vida, como matrimonio, nacimiento de un hijo, enfermedad importante, divorcio o fallecimiento de un familiar.<img decoding=\"async\" class=\"alignright wp-image-6827 size-medium\" src=\"https:\/\/www.missionhospice.org\/wp-content\/uploads\/\/Screen-Shot-2017-03-02-at-11.49.09-AM-251x300.png\" height=\"300\" width=\"251\" srcset=\"https:\/\/www.missionhospice.org\/wp-content\/uploads\/Screen-Shot-2017-03-02-at-11.49.09-AM-251x300.png 251w, https:\/\/www.missionhospice.org\/wp-content\/uploads\/Screen-Shot-2017-03-02-at-11.49.09-AM-150x179.png 150w, https:\/\/www.missionhospice.org\/wp-content\/uploads\/Screen-Shot-2017-03-02-at-11.49.09-AM.png 454w\" sizes=\"(max-width: 251px) 100vw, 251px\" \/><\/p>\n<p>Cuando revise su Directiva Sanitaria Anticipada, preg\u00fantese si su agente sanitario sigue estando disponible y sigue siendo la mejor opci\u00f3n.<\/p>\n<p>Cuando actualice sus documentos, aseg\u00farese de compartir las revisiones con su m\u00e9dico, su agente de asistencia sanitaria y sus seres queridos. Es la mejor manera de asegurarse de que entienden lo que m\u00e1s te importa.<\/p>\n<p>&nbsp;<\/p>\n<p>Utilice el <a href=\"https:\/\/www.missionhospice.org\/wp-content\/uploads\/TakeChargeToolkit.Feb2017.FINAL_.pdf\">kit de herramientas Take Charge<\/a> para que le gu\u00ede por los pasos de la planificaci\u00f3n anticipada de la atenci\u00f3n sanitaria siempre que realice actualizaciones:<\/p>\n<p><a href=\"http:\/\/www.missionhospice.org\/takecharge\/take-charge-step-1\/\"><br \/>\n  <strong>Paso 1: Piense<\/strong><br \/>\n<\/a> en lo que m\u00e1s te importa.<br \/>\n<a href=\"http:\/\/www.missionhospice.org\/takecharge\/take-charge-step-2\/\"><br \/>\n  <strong>Paso 2: Hable<\/strong><br \/>\n<\/a> sobre tus deseos con tu familia y amigos.<br \/>\n<a href=\"http:\/\/www.missionhospice.org\/takecharge\/take-charge-step-3\/\"><br \/>\n  <strong>Paso 3: Elija<\/strong><br \/>\n<\/a> su agente de atenci\u00f3n sanitaria.<br \/>\n<a href=\"http:\/\/www.missionhospice.org\/takecharge\/take-charge-step-4\/\"><br \/>\n  <strong>Paso 4: Escr\u00edbalo<\/strong><br \/>\n<\/a> y comparte tu plan.<\/p>\n","protected":false},"excerpt":{"rendered":"<p>\u00bfY ahora qu\u00e9? Su Directiva Sanitaria Anticipada refleja sus perspectivas, valores y decisiones en este momento. \u00c9stas pueden cambiar con el tiempo. Aseg\u00farese de revisar sus documentos al menos una [&hellip;]<\/p>\n","protected":false},"author":18,"featured_media":0,"parent":31571,"menu_order":0,"comment_status":"closed","ping_status":"closed","template":"","meta":{"_acf_changed":false,"_monsterinsights_skip_tracking":false,"_monsterinsights_sitenote_active":false,"_monsterinsights_sitenote_note":"","_monsterinsights_sitenote_category":0,"ngg_post_thumbnail":0,"_price":"","_stock":"","_tribe_ticket_header":"","_tribe_default_ticket_provider":"","_tribe_ticket_capacity":"0","_ticket_start_date":"","_ticket_end_date":"","_tribe_ticket_show_description":"","_tribe_ticket_show_not_going":false,"_tribe_ticket_use_global_stock":"","_tribe_ticket_global_stock_level":"","_global_stock_mode":"","_global_stock_cap":"","_tribe_rsvp_for_event":"","_tribe_ticket_going_count":"","_tribe_ticket_not_going_count":"","_tribe_tickets_list":"[]","_tribe_ticket_has_attendee_info_fields":false,"footnotes":"","_tec_slr_enabled":"","_tec_slr_layout":""},"class_list":["post-31563","page","type-page","status-publish","hentry"],"acf":[],"featured_image_src":null,"ticketed":false,"_links":{"self":[{"href":"https:\/\/www.missionhospice.org\/es\/wp-json\/wp\/v2\/pages\/31563","targetHints":{"allow":["GET"]}}],"collection":[{"href":"https:\/\/www.missionhospice.org\/es\/wp-json\/wp\/v2\/pages"}],"about":[{"href":"https:\/\/www.missionhospice.org\/es\/wp-json\/wp\/v2\/types\/page"}],"author":[{"embeddable":true,"href":"https:\/\/www.missionhospice.org\/es\/wp-json\/wp\/v2\/users\/18"}],"replies":[{"embeddable":true,"href":"https:\/\/www.missionhospice.org\/es\/wp-json\/wp\/v2\/comments?post=31563"}],"version-history":[{"count":0,"href":"https:\/\/www.missionhospice.org\/es\/wp-json\/wp\/v2\/pages\/31563\/revisions"}],"up":[{"embeddable":true,"href":"https:\/\/www.missionhospice.org\/es\/wp-json\/wp\/v2\/pages\/31571"}],"wp:attachment":[{"href":"https:\/\/www.missionhospice.org\/es\/wp-json\/wp\/v2\/media?parent=31563"}],"curies":[{"name":"wp","href":"https:\/\/api.w.org\/{rel}","templated":true}]}}